{"id":185,"date":"2013-03-18T16:48:22","date_gmt":"2013-03-18T14:48:22","guid":{"rendered":"http:\/\/www.graz-psychotherapie.com\/?page_id=185"},"modified":"2015-01-26T18:10:18","modified_gmt":"2015-01-26T16:10:18","slug":"publications","status":"publish","type":"page","link":"https:\/\/www.graz-psychotherapie.com\/en\/about-me\/publications\/","title":{"rendered":"Publications"},"content":{"rendered":"<p>My most important recent publications are:<\/p>\n<p><span class=\"Apple-style-span\" style=\"color: #58585a;\">Schm\u00fccker-Sch\u00fc\u00dfler, G. (2014). Postnatale Erkrankung von M\u00fcttern und deren psychotherapeutische Behandlung.\u00a0<a style=\"color: #9f2d3c;\" href=\"https:\/\/www.graz-psychotherapie.com\/wp-content\/uploads\/2013\/02\/Psychologie-in-%C3%96sterreich-5-322-331.pdf\">Psychologie in \u00d6sterreich, 5, 322-331<\/a>.<\/span><\/p>\n<p>Schm\u00fccker, G. A., Brisch K.H.,\u00a0 et al. (2005). The influence of prematurity, maternal anxiety and infants` neurobiological risk on mother-infant interactions. <span style=\"text-decoration: underline;\">Journal of Infant Mental Health<\/span>, 26(5), 423-441.<\/p>\n<p>Schm\u00fccker, G. (2003). Emotionale Entwicklung in der fr\u00fchen Kindheit. In (Hrsg.) A. Stephan &amp; H. Walters, <span style=\"text-decoration: underline;\">Natur und Theorie der Emotion<\/span>, Mentis, Paderborn.<\/p>\n<p>Schm\u00fccker, G. A. &amp; Buchheim, A. (2002). Mutter-Kind-Interaktion und Bindung in den ersten Lebensjahren. In (Hrsg.) B. Strau\u00df, A. Buchheim &amp; H. K\u00e4chele, <span style=\"text-decoration: underline;\">Klinische Bindungsforschung<\/span>, Schattauer, Stuttgart.<\/p>\n","protected":false},"excerpt":{"rendered":"<p>My most important recent publications are: Schm\u00fccker-Sch\u00fc\u00dfler, G. (2014). Postnatale Erkrankung von M\u00fcttern und deren psychotherapeutische Behandlung.\u00a0Psychologie in \u00d6sterreich, 5, 322-331. Schm\u00fccker, G. A., Brisch K.H.,\u00a0 et al. (2005). The influence of prematurity, maternal anxiety and infants` neurobiological risk on mother-infant interactions. Journal of Infant Mental Health, 26(5), 423-441. Schm\u00fccker, G. (2003). Emotionale Entwicklung in [&hellip;]<\/p>\n","protected":false},"author":3,"featured_media":0,"parent":165,"menu_order":0,"comment_status":"closed","ping_status":"closed","template":"","meta":{"footnotes":"","_links_to":"","_links_to_target":""},"class_list":["post-185","page","type-page","status-publish","hentry"],"yoast_head":"<!-- This site is optimized with the Yoast SEO plugin v25.6 - https:\/\/yoast.com\/wordpress\/plugins\/seo\/ -->\n<title>Publications - Graz Psychotherapie<\/title>\n<meta name=\"robots\" content=\"index, follow, max-snippet:-1, max-image-preview:large, max-video-preview:-1\" \/>\n<link rel=\"canonical\" href=\"https:\/\/www.graz-psychotherapie.com\/en\/about-me\/publications\/\" \/>\n<meta property=\"og:locale\" content=\"en_US\" \/>\n<meta property=\"og:type\" content=\"article\" \/>\n<meta property=\"og:title\" content=\"Publications - Graz Psychotherapie\" \/>\n<meta property=\"og:description\" content=\"My most important recent publications are: Schm\u00fccker-Sch\u00fc\u00dfler, G. (2014). Postnatale Erkrankung von M\u00fcttern und deren psychotherapeutische Behandlung.\u00a0Psychologie in \u00d6sterreich, 5, 322-331. Schm\u00fccker, G. A., Brisch K.H.,\u00a0 et al. (2005). The influence of prematurity, maternal anxiety and infants` neurobiological risk on mother-infant interactions. Journal of Infant Mental Health, 26(5), 423-441. Schm\u00fccker, G. (2003). Emotionale Entwicklung in [&hellip;]\" \/>\n<meta property=\"og:url\" content=\"https:\/\/www.graz-psychotherapie.com\/en\/about-me\/publications\/\" \/>\n<meta property=\"og:site_name\" content=\"Graz Psychotherapie\" \/>\n<meta property=\"article:modified_time\" content=\"2015-01-26T16:10:18+00:00\" \/>\n<meta name=\"twitter:label1\" content=\"Est. reading time\" \/>\n\t<meta name=\"twitter:data1\" content=\"1 minute\" \/>\n<script type=\"application\/ld+json\" class=\"yoast-schema-graph\">{\"@context\":\"https:\/\/schema.org\",\"@graph\":[{\"@type\":\"WebPage\",\"@id\":\"https:\/\/www.graz-psychotherapie.com\/en\/about-me\/publications\/\",\"url\":\"https:\/\/www.graz-psychotherapie.com\/en\/about-me\/publications\/\",\"name\":\"Publications - Graz Psychotherapie\",\"isPartOf\":{\"@id\":\"https:\/\/www.graz-psychotherapie.com\/#website\"},\"datePublished\":\"2013-03-18T14:48:22+00:00\",\"dateModified\":\"2015-01-26T16:10:18+00:00\",\"breadcrumb\":{\"@id\":\"https:\/\/www.graz-psychotherapie.com\/en\/about-me\/publications\/#breadcrumb\"},\"inLanguage\":\"en-US\",\"potentialAction\":[{\"@type\":\"ReadAction\",\"target\":[\"https:\/\/www.graz-psychotherapie.com\/en\/about-me\/publications\/\"]}]},{\"@type\":\"BreadcrumbList\",\"@id\":\"https:\/\/www.graz-psychotherapie.com\/en\/about-me\/publications\/#breadcrumb\",\"itemListElement\":[{\"@type\":\"ListItem\",\"position\":1,\"name\":\"Startseite\",\"item\":\"https:\/\/www.graz-psychotherapie.com\/en\/\"},{\"@type\":\"ListItem\",\"position\":2,\"name\":\"About Myself\",\"item\":\"\/\"},{\"@type\":\"ListItem\",\"position\":3,\"name\":\"Publications\"}]},{\"@type\":\"WebSite\",\"@id\":\"https:\/\/www.graz-psychotherapie.com\/#website\",\"url\":\"https:\/\/www.graz-psychotherapie.com\/\",\"name\":\"Graz Psychotherapie\",\"description\":\"Dr. Gesine Schm\u00fccker-Sch\u00fc\u00dfler, selbstst\u00e4ndige Psychotherapeutin, Klinische- und Gesundheitspsychologin\",\"potentialAction\":[{\"@type\":\"SearchAction\",\"target\":{\"@type\":\"EntryPoint\",\"urlTemplate\":\"https:\/\/www.graz-psychotherapie.com\/?s={search_term_string}\"},\"query-input\":{\"@type\":\"PropertyValueSpecification\",\"valueRequired\":true,\"valueName\":\"search_term_string\"}}],\"inLanguage\":\"en-US\"}]}<\/script>\n<!-- \/ Yoast SEO plugin. -->","yoast_head_json":{"title":"Publications - Graz Psychotherapie","robots":{"index":"index","follow":"follow","max-snippet":"max-snippet:-1","max-image-preview":"max-image-preview:large","max-video-preview":"max-video-preview:-1"},"canonical":"https:\/\/www.graz-psychotherapie.com\/en\/about-me\/publications\/","og_locale":"en_US","og_type":"article","og_title":"Publications - Graz Psychotherapie","og_description":"My most important recent publications are: Schm\u00fccker-Sch\u00fc\u00dfler, G. (2014). Postnatale Erkrankung von M\u00fcttern und deren psychotherapeutische Behandlung.\u00a0Psychologie in \u00d6sterreich, 5, 322-331. Schm\u00fccker, G. A., Brisch K.H.,\u00a0 et al. (2005). The influence of prematurity, maternal anxiety and infants` neurobiological risk on mother-infant interactions. Journal of Infant Mental Health, 26(5), 423-441. Schm\u00fccker, G. (2003). Emotionale Entwicklung in [&hellip;]","og_url":"https:\/\/www.graz-psychotherapie.com\/en\/about-me\/publications\/","og_site_name":"Graz Psychotherapie","article_modified_time":"2015-01-26T16:10:18+00:00","twitter_misc":{"Est. reading time":"1 minute"},"schema":{"@context":"https:\/\/schema.org","@graph":[{"@type":"WebPage","@id":"https:\/\/www.graz-psychotherapie.com\/en\/about-me\/publications\/","url":"https:\/\/www.graz-psychotherapie.com\/en\/about-me\/publications\/","name":"Publications - Graz Psychotherapie","isPartOf":{"@id":"https:\/\/www.graz-psychotherapie.com\/#website"},"datePublished":"2013-03-18T14:48:22+00:00","dateModified":"2015-01-26T16:10:18+00:00","breadcrumb":{"@id":"https:\/\/www.graz-psychotherapie.com\/en\/about-me\/publications\/#breadcrumb"},"inLanguage":"en-US","potentialAction":[{"@type":"ReadAction","target":["https:\/\/www.graz-psychotherapie.com\/en\/about-me\/publications\/"]}]},{"@type":"BreadcrumbList","@id":"https:\/\/www.graz-psychotherapie.com\/en\/about-me\/publications\/#breadcrumb","itemListElement":[{"@type":"ListItem","position":1,"name":"Startseite","item":"https:\/\/www.graz-psychotherapie.com\/en\/"},{"@type":"ListItem","position":2,"name":"About Myself","item":"\/"},{"@type":"ListItem","position":3,"name":"Publications"}]},{"@type":"WebSite","@id":"https:\/\/www.graz-psychotherapie.com\/#website","url":"https:\/\/www.graz-psychotherapie.com\/","name":"Graz Psychotherapie","description":"Dr. Gesine Schm\u00fccker-Sch\u00fc\u00dfler, selbstst\u00e4ndige Psychotherapeutin, Klinische- und Gesundheitspsychologin","potentialAction":[{"@type":"SearchAction","target":{"@type":"EntryPoint","urlTemplate":"https:\/\/www.graz-psychotherapie.com\/?s={search_term_string}"},"query-input":{"@type":"PropertyValueSpecification","valueRequired":true,"valueName":"search_term_string"}}],"inLanguage":"en-US"}]}},"_links":{"self":[{"href":"https:\/\/www.graz-psychotherapie.com\/en\/wp-json\/wp\/v2\/pages\/185","targetHints":{"allow":["GET"]}}],"collection":[{"href":"https:\/\/www.graz-psychotherapie.com\/en\/wp-json\/wp\/v2\/pages"}],"about":[{"href":"https:\/\/www.graz-psychotherapie.com\/en\/wp-json\/wp\/v2\/types\/page"}],"author":[{"embeddable":true,"href":"https:\/\/www.graz-psychotherapie.com\/en\/wp-json\/wp\/v2\/users\/3"}],"replies":[{"embeddable":true,"href":"https:\/\/www.graz-psychotherapie.com\/en\/wp-json\/wp\/v2\/comments?post=185"}],"version-history":[{"count":3,"href":"https:\/\/www.graz-psychotherapie.com\/en\/wp-json\/wp\/v2\/pages\/185\/revisions"}],"predecessor-version":[{"id":694,"href":"https:\/\/www.graz-psychotherapie.com\/en\/wp-json\/wp\/v2\/pages\/185\/revisions\/694"}],"up":[{"embeddable":true,"href":"https:\/\/www.graz-psychotherapie.com\/en\/wp-json\/wp\/v2\/pages\/165"}],"wp:attachment":[{"href":"https:\/\/www.graz-psychotherapie.com\/en\/wp-json\/wp\/v2\/media?parent=185"}],"curies":[{"name":"wp","href":"https:\/\/api.w.org\/{rel}","templated":true}]}}